{"id":923,"date":"2020-04-01T15:44:46","date_gmt":"2020-04-01T15:44:46","guid":{"rendered":"https:\/\/procapitalseguros.com.br\/?page_id=923"},"modified":"2020-04-22T16:20:25","modified_gmt":"2020-04-22T16:20:25","slug":"sobre","status":"publish","type":"page","link":"https:\/\/procapitalseguros.com.br\/en\/sobre\/","title":{"rendered":"Sobre"},"content":{"rendered":"<div data-elementor-type=\"wp-page\" data-elementor-id=\"923\" class=\"elementor elementor-923\">\n\t\t\t\t\t\t<section class=\"elementor-section elementor-top-section elementor-element elementor-element-cb3a2b5 elementor-section-stretched elementor-section-full_width elementor-section-height-default elementor-section-height-default\" data-id=\"cb3a2b5\" data-element_type=\"section\" data-settings=\"{&quot;stretch_section&quot;:&quot;section-stretched&quot;,&quot;background_background&quot;:&quot;classic&quot;}\">\n\t\t\t\t\t\t<div class=\"elementor-container elementor-column-gap-default\">\n\t\t\t\t\t<div class=\"elementor-column elementor-col-100 elementor-top-column elementor-element elementor-element-60ada22\" data-id=\"60ada22\" data-element_type=\"column\">\n\t\t\t<div class=\"elementor-widget-wrap elementor-element-populated\">\n\t\t\t\t\t\t<div class=\"elementor-element elementor-element-763f1bb elementor-widget elementor-widget-image\" data-id=\"763f1bb\" data-element_type=\"widget\" data-widget_type=\"image.default\">\n\t\t\t\t<div class=\"elementor-widget-container\">\n\t\t\t\t\t\t\t\t\t\t\t\t\t\t\t<img fetchpriority=\"high\" decoding=\"async\" width=\"1920\" height=\"300\" src=\"https:\/\/procapitalseguros.com.br\/wp-content\/uploads\/2020\/04\/a-procapital-1.jpg\" class=\"attachment-full size-full wp-image-1284\" alt=\"pro capital seguros\" srcset=\"https:\/\/procapitalseguros.com.br\/wp-content\/uploads\/2020\/04\/a-procapital-1.jpg 1920w, https:\/\/procapitalseguros.com.br\/wp-content\/uploads\/2020\/04\/a-procapital-1-300x47.jpg 300w, https:\/\/procapitalseguros.com.br\/wp-content\/uploads\/2020\/04\/a-procapital-1-1024x160.jpg 1024w, https:\/\/procapitalseguros.com.br\/wp-content\/uploads\/2020\/04\/a-procapital-1-768x120.jpg 768w, https:\/\/procapitalseguros.com.br\/wp-content\/uploads\/2020\/04\/a-procapital-1-1536x240.jpg 1536w, https:\/\/procapitalseguros.com.br\/wp-content\/uploads\/2020\/04\/a-procapital-1-700x109.jpg 700w, https:\/\/procapitalseguros.com.br\/wp-content\/uploads\/2020\/04\/a-procapital-1-520x81.jpg 520w, https:\/\/procapitalseguros.com.br\/wp-content\/uploads\/2020\/04\/a-procapital-1-360x56.jpg 360w, https:\/\/procapitalseguros.com.br\/wp-content\/uploads\/2020\/04\/a-procapital-1-250x39.jpg 250w, https:\/\/procapitalseguros.com.br\/wp-content\/uploads\/2020\/04\/a-procapital-1-100x16.jpg 100w\" sizes=\"(max-width: 1920px) 100vw, 1920px\" \/>\t\t\t\t\t\t\t\t\t\t\t\t\t\t\t<\/div>\n\t\t\t\t<\/div>\n\t\t\t\t\t<\/div>\n\t\t<\/div>\n\t\t\t\t\t<\/div>\n\t\t<\/section>\n\t\t\t\t<section class=\"elementor-section elementor-top-section elementor-element elementor-element-53028dd elementor-section-stretched elementor-section-boxed elementor-section-height-default elementor-section-height-default\" data-id=\"53028dd\" data-element_type=\"section\" data-settings=\"{&quot;stretch_section&quot;:&quot;section-stretched&quot;,&quot;background_background&quot;:&quot;classic&quot;}\">\n\t\t\t\t\t\t<div class=\"elementor-container elementor-column-gap-default\">\n\t\t\t\t\t<div class=\"elementor-column elementor-col-100 elementor-top-column elementor-element elementor-element-d8d1e6b\" data-id=\"d8d1e6b\" data-element_type=\"column\">\n\t\t\t<div class=\"elementor-widget-wrap elementor-element-populated\">\n\t\t\t\t\t\t<div class=\"elementor-element elementor-element-55cd85b elementor-widget elementor-widget-heading\" data-id=\"55cd85b\" data-element_type=\"widget\" data-widget_type=\"heading.default\">\n\t\t\t\t<div class=\"elementor-widget-container\">\n\t\t\t\t\t<h2 class=\"elementor-heading-title elementor-size-default\">Proporcionando tranquilidade e seguran\u00e7a aos nossos clientes.<\/h2>\t\t\t\t<\/div>\n\t\t\t\t<\/div>\n\t\t\t\t<div class=\"elementor-element elementor-element-b0c3394 elementor-widget-divider--view-line elementor-widget elementor-widget-divider\" data-id=\"b0c3394\" data-element_type=\"widget\" data-widget_type=\"divider.default\">\n\t\t\t\t<div class=\"elementor-widget-container\">\n\t\t\t\t\t\t\t<div class=\"elementor-divider\">\n\t\t\t<span class=\"elementor-divider-separator\">\n\t\t\t\t\t\t<\/span>\n\t\t<\/div>\n\t\t\t\t\t\t<\/div>\n\t\t\t\t<\/div>\n\t\t\t\t\t<\/div>\n\t\t<\/div>\n\t\t\t\t\t<\/div>\n\t\t<\/section>\n\t\t\t\t<section class=\"elementor-section elementor-top-section elementor-element elementor-element-738da73 elementor-section-stretched elementor-section-boxed elementor-section-height-default elementor-section-height-default\" data-id=\"738da73\" data-element_type=\"section\" data-settings=\"{&quot;stretch_section&quot;:&quot;section-stretched&quot;,&quot;background_background&quot;:&quot;classic&quot;}\">\n\t\t\t\t\t\t<div class=\"elementor-container elementor-column-gap-wider\">\n\t\t\t\t\t<div class=\"elementor-column elementor-col-50 elementor-top-column elementor-element elementor-element-75d8a0b\" data-id=\"75d8a0b\" data-element_type=\"column\">\n\t\t\t<div class=\"elementor-widget-wrap elementor-element-populated\">\n\t\t\t\t\t\t<div class=\"elementor-element elementor-element-7ec515c elementor-widget elementor-widget-heading\" data-id=\"7ec515c\" data-element_type=\"widget\" data-widget_type=\"heading.default\">\n\t\t\t\t<div class=\"elementor-widget-container\">\n\t\t\t\t\t<h2 class=\"elementor-heading-title elementor-size-default\">A ProCapital<\/h2>\t\t\t\t<\/div>\n\t\t\t\t<\/div>\n\t\t\t\t<div class=\"elementor-element elementor-element-e25d509 elementor-widget elementor-widget-text-editor\" data-id=\"e25d509\" data-element_type=\"widget\" data-widget_type=\"text-editor.default\">\n\t\t\t\t<div class=\"elementor-widget-container\">\n\t\t\t\t\t\t\t\t\t<p>Somos uma corretora de seguros. Temos a miss\u00e3o de garantir tranquilidade e seguran\u00e7a a pessoas e empresas. Para isso, combinamos a atua\u00e7\u00e3o de uma equipe experiente ao bom relacionamento com as mais importantes seguradoras, oferecendo agilidade e um atendimento personalizado.<\/p><p>\u00a0<\/p><h2>Nosso Prop\u00f3sito<\/h2><p>Proteger as conquistas de pessoas e de empresas e amenizar os riscos diante de imprevistos: esta \u00e9 a import\u00e2ncia social do seguro \u2013 e um prop\u00f3sito para n\u00f3s.<\/p><p>\u00a0<\/p><h2>Nosso futuro<\/h2><p>Nosso objetivo \u00e9 apoiar o maior n\u00famero poss\u00edvel de pessoas e empresas na prote\u00e7\u00e3o de seu patrim\u00f4nio, para garantir a elas um futuro tranquilo.<\/p>\t\t\t\t\t\t\t\t<\/div>\n\t\t\t\t<\/div>\n\t\t\t\t\t<\/div>\n\t\t<\/div>\n\t\t\t\t<div class=\"elementor-column elementor-col-50 elementor-top-column elementor-element elementor-element-dc7c31b\" data-id=\"dc7c31b\" data-element_type=\"column\">\n\t\t\t<div class=\"elementor-widget-wrap elementor-element-populated\">\n\t\t\t\t\t\t<div class=\"elementor-element elementor-element-943dade elementor-widget elementor-widget-heading\" data-id=\"943dade\" data-element_type=\"widget\" data-widget_type=\"heading.default\">\n\t\t\t\t<div class=\"elementor-widget-container\">\n\t\t\t\t\t<h2 class=\"elementor-heading-title elementor-size-default\">Nossa Ess\u00eancia<\/h2>\t\t\t\t<\/div>\n\t\t\t\t<\/div>\n\t\t\t\t<div class=\"elementor-element elementor-element-7a39768 elementor-widget elementor-widget-text-editor\" data-id=\"7a39768\" data-element_type=\"widget\" data-widget_type=\"text-editor.default\">\n\t\t\t\t<div class=\"elementor-widget-container\">\n\t\t\t\t\t\t\t\t\t<p><strong>Integridade<\/strong><br \/>Profissionalismo e uma assessoria isenta, focada em levar as solu\u00e7\u00f5es mais adequadas para cada cliente, s\u00e3o os pilares de nosso trabalho.<\/p><p><strong>Honestidade<\/strong><br \/>Com \u00e9tica e seriedade, proporcionamos a cada cliente um atendimento de excel\u00eancia e a melhor experi\u00eancia com seguros.<\/p><p><strong>Transpar\u00eancia<\/strong><br \/>Acreditamos que idoneidade e confiabilidade s\u00e3o princ\u00edpios essenciais para a constru\u00e7\u00e3o de uma empresa s\u00f3lida.\u00a0<\/p><p><strong>Empatia<\/strong><br \/>A pessoalidade no atendimento nos ajuda a compreender as reais necessidades de cada cliente.<\/p><p><strong>Z\u00ealo<\/strong><br \/>O relacionamento pr\u00f3ximo com os clientes \u00e9 parte fundamental da assertividade de nossas solu\u00e7\u00f5es.<\/p>\t\t\t\t\t\t\t\t<\/div>\n\t\t\t\t<\/div>\n\t\t\t\t\t<\/div>\n\t\t<\/div>\n\t\t\t\t\t<\/div>\n\t\t<\/section>\n\t\t\t\t<\/div>","protected":false},"excerpt":{"rendered":"<p>Proporcionando tranquilidade e seguran\u00e7a aos nossos clientes. A ProCapital Somos uma corretora de seguros. Temos a miss\u00e3o de garantir tranquilidade e seguran\u00e7a a pessoas e empresas. Para isso, combinamos a atua\u00e7\u00e3o de uma equipe experiente ao bom relacionamento com as [&hellip;]<\/p>","protected":false},"author":1,"featured_media":0,"parent":0,"menu_order":0,"comment_status":"closed","ping_status":"closed","template":"page-templates\/page_fullwidth.php","meta":{"footnotes":""},"class_list":["post-923","page","type-page","status-publish","hentry","clearfix"],"_links":{"self":[{"href":"https:\/\/procapitalseguros.com.br\/en\/wp-json\/wp\/v2\/pages\/923","targetHints":{"allow":["GET"]}}],"collection":[{"href":"https:\/\/procapitalseguros.com.br\/en\/wp-json\/wp\/v2\/pages"}],"about":[{"href":"https:\/\/procapitalseguros.com.br\/en\/wp-json\/wp\/v2\/types\/page"}],"author":[{"embeddable":true,"href":"https:\/\/procapitalseguros.com.br\/en\/wp-json\/wp\/v2\/users\/1"}],"replies":[{"embeddable":true,"href":"https:\/\/procapitalseguros.com.br\/en\/wp-json\/wp\/v2\/comments?post=923"}],"version-history":[{"count":9,"href":"https:\/\/procapitalseguros.com.br\/en\/wp-json\/wp\/v2\/pages\/923\/revisions"}],"predecessor-version":[{"id":1321,"href":"https:\/\/procapitalseguros.com.br\/en\/wp-json\/wp\/v2\/pages\/923\/revisions\/1321"}],"wp:attachment":[{"href":"https:\/\/procapitalseguros.com.br\/en\/wp-json\/wp\/v2\/media?parent=923"}],"curies":[{"name":"wp","href":"https:\/\/api.w.org\/{rel}","templated":true}]}}